{"id":17,"date":"2014-03-26T17:05:17","date_gmt":"2014-03-26T16:05:17","guid":{"rendered":"http:\/\/nowak-containerdienst.de\/?page_id=17"},"modified":"2014-06-01T20:04:37","modified_gmt":"2014-06-01T18:04:37","slug":"abfallarten","status":"publish","type":"page","link":"https:\/\/nowak-containerdienst.de\/?page_id=17","title":{"rendered":"Abfallarten"},"content":{"rendered":"<h2><span style=\"font-family: Arial; font-size: medium;\">Abfall in den jeweiligen Kategorien<\/span><\/h2>\n<p>&nbsp;<\/p>\n<h2>Bauschutt<\/h2>\n<p><span style=\"font-size: 12pt;\">Bauschutt besteht aus anfallenden mineralischen Materialien wie z.B. bei Renovierungen und Sanierungen im Privathaushalt durch das abschlagen von Fliesen oder das entfernen von Mauerwerk. Bauschutt darf enthalten:<\/span><\/p>\n<p><span style=\"font-size: 12pt;\">&#8211; Mauerwerk<\/span><\/p>\n<p><span style=\"font-size: 12pt;\">&#8211; Fliesen und Kacheln samt M\u00f6rtel<\/span><\/p>\n<p><span style=\"font-size: 12pt;\">&#8211; alle arten von Ziegeln d.h. Dachziegel, Tonziegel, Betonziegel<\/span><\/p>\n<p><span style=\"font-size: 12pt;\">&#8211; M\u00f6rtelreste oder Putz<\/span><\/p>\n<p><span style=\"font-size: 12pt;\">&#8211; Waschbecken, Pissoirs oder Toilettensch\u00fcsseln aus Keramik<\/span><\/p>\n<p>&nbsp;<\/p>\n<h2>Baumischabf\u00e4lle<\/h2>\n<p><span style=\"font-size: 12pt;\">Baumischabf\u00e4lle enthalten zum Bauschutt zus\u00e4tzlich Materialien wie z.B. Metalle, Sperrm\u00fcll, Glas- oder Plastikreste. Da die erforderliche Trennung der Materialien verh\u00e4ltnism\u00e4\u00dfig aufw\u00e4ndig ist, wird die Entsorgung teurer als von reinem Bauschutt. Zum Baumischabfall geh\u00f6ren:<\/span><\/p>\n<p><span style=\"font-size: 12pt;\">&#8211; Kabel oder Rohre aus PVC oder Plastik<\/span><\/p>\n<p><span style=\"font-size: 12pt;\">&#8211; Tapeten<\/span><\/p>\n<p><span style=\"font-size: 12pt;\">&#8211; Bauholz<\/span><\/p>\n<p><span style=\"font-size: 12pt;\">&#8211; T\u00fcrzargen, T\u00fcren und Fenster<\/span><\/p>\n<p><span style=\"font-size: 12pt;\">&#8211; D\u00e4mm- und Isolierstoffe<\/span><\/p>\n<p><span style=\"font-size: 12pt;\">&#8211; Rigipsplatten und Gipsreste<\/span><\/p>\n<p><span style=\"font-size: 12pt;\">&#8211; Altmetalle<\/span><\/p>\n<p>&nbsp;<\/p>\n<h2>Erde \/ Boden<\/h2>\n<p><span style=\"font-size: 12pt;\">Nicht verunreinigter Boden entsprechend aus Erde und\/oder Fels.<\/span><\/p>\n<h2><\/h2>\n<p>&nbsp;<\/p>\n<h2>Sperrm\u00fcll<\/h2>\n<p><span style=\"font-size: 12pt;\">Sperrm\u00fcll ist sperriger Abfall, der wegen seiner Gr\u00f6\u00dfe nicht in den zugelassenen Abfallgef\u00e4\u00dfen entsorgt werden kann, wie z.B.:<\/span><\/p>\n<p><span style=\"font-size: 12pt;\">&#8211; M\u00f6bel und Teile von M\u00f6beln<\/span><\/p>\n<p><span style=\"font-size: 12pt;\">&#8211; Wand- und Deckenverkleidungen aus Holz<\/span><\/p>\n<p><span style=\"font-size: 12pt;\">&#8211; Sanit\u00e4rgegenst\u00e4nde<\/span><\/p>\n<p><span style=\"font-size: 12pt;\">&#8211; gro\u00dfes Spielzeug<\/span><\/p>\n<p><span style=\"font-size: 12pt;\">&#8211; gro\u00dfe Kunststoffteile<\/span><\/p>\n<p><span style=\"font-size: 12pt;\">&#8211; Gardinen<\/span><\/p>\n<p><span style=\"font-size: 12pt;\">&#8211; Bodenbel\u00e4ge aus dem Innenbereich (au\u00dfer Fliesen)<\/span><\/p>\n<p><span style=\"font-size: 12pt;\">&#8211; Spiegel<\/span><\/p>\n<p><span style=\"font-size: 12pt;\">&#8211; Aquarium<\/span><\/p>\n<p><span style=\"font-size: 12pt;\">&#8211; Abfall der auch nach zumutbarer Zerkleinerung nicht in die Hausm\u00fclltonne passt<\/span><\/p>\n<p>&nbsp;<\/p>\n<h2>Gr\u00fcnabfall<\/h2>\n<p><span style=\"font-size: 12pt;\">Zu den Garten und Parkabf\u00e4llen z\u00e4hlen Laub, Rasen- und Gr\u00fcnschnitt, \u00c3ste und Wurzeln, also alles was Sie bei Ihrer Gartenarbeit bearbeiten und abschneiden oder herausziehen.<\/span><span style=\"font-family: Arial; font-size: small;\"><br \/>\n<\/span><\/p>\n<p>&nbsp;<\/p>\n<h2>Altholzabfall<\/h2>\n<p><span style=\"font-size: 12pt;\">\u00a0Alth\u00f6lzer, im Fachjargon AI bis AIII H\u00f6lzer, sind alle Formen von H\u00f6lzern, die im Privat-, Gewerbe- und Baubereich anfallen k\u00f6nnen.<\/span><\/p>\n<p>&nbsp;<\/p>\n<h2>Asbest<\/h2>\n<p><span style=\"font-size: 12pt;\">Asbest ist sogenante &#8222;besonders \u00fcberwachungsbed\u00fcrftig&#8220;&#8218; und damit Sonderabfall.\u00a0<\/span><span style=\"font-family: Arial; font-size: small;\"><br \/>\n<\/span><\/p>\n","protected":false},"excerpt":{"rendered":"<p>Abfall in den jeweiligen Kategorien &nbsp; Bauschutt Bauschutt besteht aus anfallenden mineralischen Materialien wie z.B. bei Renovierungen und Sanierungen im Privathaushalt durch das abschlagen von Fliesen oder das entfernen von Mauerwerk. Bauschutt darf enthalten: &#8211; Mauerwerk &#8211; Fliesen und Kacheln samt M\u00f6rtel &#8211; alle arten von Ziegeln d.h. Dachziegel, Tonziegel, Betonziegel &#8211; M\u00f6rtelreste oder Putz [&hellip;]<\/p>\n","protected":false},"author":1,"featured_media":0,"parent":0,"menu_order":2,"comment_status":"closed","ping_status":"closed","template":"","meta":{"footnotes":"","_links_to":"","_links_to_target":""},"class_list":["post-17","page","type-page","status-publish","hentry"],"_links":{"self":[{"href":"https:\/\/nowak-containerdienst.de\/index.php?rest_route=\/wp\/v2\/pages\/17"}],"collection":[{"href":"https:\/\/nowak-containerdienst.de\/index.php?rest_route=\/wp\/v2\/pages"}],"about":[{"href":"https:\/\/nowak-containerdienst.de\/index.php?rest_route=\/wp\/v2\/types\/page"}],"author":[{"embeddable":true,"href":"https:\/\/nowak-containerdienst.de\/index.php?rest_route=\/wp\/v2\/users\/1"}],"replies":[{"embeddable":true,"href":"https:\/\/nowak-containerdienst.de\/index.php?rest_route=%2Fwp%2Fv2%2Fcomments&post=17"}],"version-history":[{"count":13,"href":"https:\/\/nowak-containerdienst.de\/index.php?rest_route=\/wp\/v2\/pages\/17\/revisions"}],"predecessor-version":[{"id":62,"href":"https:\/\/nowak-containerdienst.de\/index.php?rest_route=\/wp\/v2\/pages\/17\/revisions\/62"}],"wp:attachment":[{"href":"https:\/\/nowak-containerdienst.de\/index.php?rest_route=%2Fwp%2Fv2%2Fmedia&parent=17"}],"curies":[{"name":"wp","href":"https:\/\/api.w.org\/{rel}","templated":true}]}}