{"id":2,"date":"2014-03-25T21:40:46","date_gmt":"2014-03-25T21:40:46","guid":{"rendered":"http:\/\/localhost\/wordpress-3.8\/wordpress\/?page_id=2"},"modified":"2020-08-22T19:44:06","modified_gmt":"2020-08-22T17:44:06","slug":"sample-page","status":"publish","type":"page","link":"https:\/\/nowak-containerdienst.de\/","title":{"rendered":"Startseite"},"content":{"rendered":"<h1 style=\"text-align: center;\"><\/h1>\n<h4><\/h4>\n<h4 style=\"text-align: center;\"><\/h4>\n<table style=\"border-collapse: collapse; width: 100%; height: 523px;\">\n<tbody>\n<tr style=\"height: 10px;\">\n<td style=\"width: 100%; height: 43px;\">\n<h1 style=\"text-align: center;\"><span style=\"color: #000080;\"><strong>Herzlich willkommen bei Ihrem Nowak Containerdienst!<\/strong><\/span><\/h1>\n<\/td>\n<\/tr>\n<tr style=\"height: 23px;\">\n<td style=\"width: 100%; height: 23px;\"><\/td>\n<\/tr>\n<tr style=\"height: 100px;\">\n<td style=\"width: 100%; height: 100px;\">\n<h4 style=\"text-align: center;\">Haus- oder Umbau, Renovierungsarbeiten, Entr\u00fcmpelungen, Garten Umgestaltungen,<br \/>\nTransporte von Baumaschinen oder Erdaushub,<br \/>\nbei uns finden sie f\u00fcr jedes Bauvorhaben den richtigen Container in der richtigen Gr\u00f6\u00dfe&#8230;<\/h4>\n<\/td>\n<\/tr>\n<tr style=\"height: 23px;\">\n<td style=\"width: 100%; height: 23px;\"><\/td>\n<\/tr>\n<tr style=\"height: 220px;\">\n<td style=\"width: 100%; text-align: center; height: 220px;\"><a href=\"http:\/\/nowak-containerdienst.de\/wp-content\/uploads\/2020\/08\/10505285_272386046299865_3100057643369347294_n.jpg\"><img loading=\"lazy\" decoding=\"async\" class=\"alignnone  wp-image-77\" src=\"http:\/\/nowak-containerdienst.de\/wp-content\/uploads\/2020\/08\/10505285_272386046299865_3100057643369347294_n.jpg\" alt=\"\" width=\"379\" height=\"213\" srcset=\"https:\/\/nowak-containerdienst.de\/wp-content\/uploads\/2020\/08\/10505285_272386046299865_3100057643369347294_n.jpg 960w, https:\/\/nowak-containerdienst.de\/wp-content\/uploads\/2020\/08\/10505285_272386046299865_3100057643369347294_n-300x169.jpg 300w, https:\/\/nowak-containerdienst.de\/wp-content\/uploads\/2020\/08\/10505285_272386046299865_3100057643369347294_n-768x432.jpg 768w\" sizes=\"(max-width: 379px) 100vw, 379px\" \/><\/a><\/td>\n<\/tr>\n<tr style=\"height: 114px;\">\n<td style=\"width: 100%; text-align: center; height: 114px;\">\n<h4>Vom 5,5 m\u00b3 bis 20m\u00b3 Container ob mit oder ohne Deckel, wir Entsorgen alles was sie nicht mehr ben\u00f6tigen.<\/h4>\n<\/td>\n<\/tr>\n<\/tbody>\n<\/table>\n","protected":false},"excerpt":{"rendered":"<p>Herzlich willkommen bei Ihrem Nowak Containerdienst! Haus- oder Umbau, Renovierungsarbeiten, Entr\u00fcmpelungen, Garten Umgestaltungen, Transporte von Baumaschinen oder Erdaushub, bei uns finden sie f\u00fcr jedes Bauvorhaben den richtigen Container in der richtigen Gr\u00f6\u00dfe&#8230; Vom 5,5 m\u00b3 bis 20m\u00b3 Container ob mit oder ohne Deckel, wir Entsorgen alles was sie nicht mehr ben\u00f6tigen.<\/p>\n","protected":false},"author":1,"featured_media":0,"parent":0,"menu_order":1,"comment_status":"closed","ping_status":"closed","template":"","meta":{"footnotes":"","_links_to":"","_links_to_target":""},"class_list":["post-2","page","type-page","status-publish","hentry"],"_links":{"self":[{"href":"https:\/\/nowak-containerdienst.de\/index.php?rest_route=\/wp\/v2\/pages\/2"}],"collection":[{"href":"https:\/\/nowak-containerdienst.de\/index.php?rest_route=\/wp\/v2\/pages"}],"about":[{"href":"https:\/\/nowak-containerdienst.de\/index.php?rest_route=\/wp\/v2\/types\/page"}],"author":[{"embeddable":true,"href":"https:\/\/nowak-containerdienst.de\/index.php?rest_route=\/wp\/v2\/users\/1"}],"replies":[{"embeddable":true,"href":"https:\/\/nowak-containerdienst.de\/index.php?rest_route=%2Fwp%2Fv2%2Fcomments&post=2"}],"version-history":[{"count":28,"href":"https:\/\/nowak-containerdienst.de\/index.php?rest_route=\/wp\/v2\/pages\/2\/revisions"}],"predecessor-version":[{"id":104,"href":"https:\/\/nowak-containerdienst.de\/index.php?rest_route=\/wp\/v2\/pages\/2\/revisions\/104"}],"wp:attachment":[{"href":"https:\/\/nowak-containerdienst.de\/index.php?rest_route=%2Fwp%2Fv2%2Fmedia&parent=2"}],"curies":[{"name":"wp","href":"https:\/\/api.w.org\/{rel}","templated":true}]}}